{"id":3640,"date":"2025-09-03T08:50:00","date_gmt":"2025-09-03T08:50:00","guid":{"rendered":"https:\/\/gdue.pt\/pt\/?page_id=3640"},"modified":"2025-09-03T08:51:52","modified_gmt":"2025-09-03T08:51:52","slug":"infantis","status":"publish","type":"page","link":"https:\/\/gdue.pt\/pt\/infantis\/","title":{"rendered":"INFANTIS"},"content":{"rendered":"\t\t<div data-elementor-type=\"wp-page\" data-elementor-id=\"3640\" class=\"elementor elementor-3640\">\n\t\t\t\t<div class=\"elementor-element elementor-element-6ae6cd3 e-flex e-con-boxed e-con e-parent\" data-id=\"6ae6cd3\" data-element_type=\"container\" data-e-type=\"container\">\n\t\t\t\t\t<div class=\"e-con-inner\">\n\t\t<div class=\"elementor-element elementor-element-14ed317 e-con-full e-flex e-con e-child\" data-id=\"14ed317\" data-element_type=\"container\" data-e-type=\"container\">\n\t\t\t\t<div class=\"elementor-element elementor-element-89993b0 elementor-widget elementor-widget-heading\" data-id=\"89993b0\" data-element_type=\"widget\" data-e-type=\"widget\" data-widget_type=\"heading.default\">\n\t\t\t\t<div class=\"elementor-widget-container\">\n\t\t\t\t\t<h2 class=\"elementor-heading-title elementor-size-default\">Hor\u00e1rios dos treinos<\/h2>\t\t\t\t<\/div>\n\t\t\t\t<\/div>\n\t\t\t\t<\/div>\n\t\t<div class=\"elementor-element elementor-element-641eca3 e-con-full e-flex e-con e-child\" data-id=\"641eca3\" data-element_type=\"container\" data-e-type=\"container\">\n\t\t\t\t<div class=\"elementor-element elementor-element-da4365d elementor-widget elementor-widget-text-editor\" data-id=\"da4365d\" data-element_type=\"widget\" data-e-type=\"widget\" data-widget_type=\"text-editor.default\">\n\t\t\t\t<div class=\"elementor-widget-container\">\n\t\t\t\t\t\t\t\t\t<p>\u00c9poca 2025 \/ 2026<\/p>\t\t\t\t\t\t\t\t<\/div>\n\t\t\t\t<\/div>\n\t\t\t\t<\/div>\n\t\t\t\t\t<\/div>\n\t\t\t\t<\/div>\n\t\t<div class=\"elementor-element elementor-element-47b2fa7 e-flex e-con-boxed e-con e-parent\" data-id=\"47b2fa7\" data-element_type=\"container\" data-e-type=\"container\">\n\t\t\t\t\t<div class=\"e-con-inner\">\n\t\t\t\t<div class=\"elementor-element elementor-element-b9d0002 eael-dual-header-content-align-left elementor-widget elementor-widget-eael-dual-color-header\" data-id=\"b9d0002\" data-element_type=\"widget\" data-e-type=\"widget\" data-widget_type=\"eael-dual-color-header.default\">\n\t\t\t\t<div class=\"elementor-widget-container\">\n\t\t\t\t\t\t\t\t<div class=\"eael-dual-header\">\n\t\t\t\t<h2 class=\"title eael-dch-title\"><span class=\"eael-dch-title-text eael-dch-title-lead lead solid-color\">INFANTIS<\/span> <span class=\"eael-dch-title-text\">A<\/span><\/h2>\t\t\t\t\t<span class=\"subtext\"><p>Atletas de 2013<\/p><\/span>\n\t\t\t\t\t\t\t<\/div>\n\n\t\t\t\t\t\t<\/div>\n\t\t\t\t<\/div>\n\t\t\t\t\t<\/div>\n\t\t\t\t<\/div>\n\t\t<div class=\"elementor-element elementor-element-6abbda6 e-flex e-con-boxed e-con e-parent\" data-id=\"6abbda6\" data-element_type=\"container\" data-e-type=\"container\">\n\t\t\t\t\t<div class=\"e-con-inner\">\n\t\t<div class=\"elementor-element elementor-element-295ce43 e-con-full e-flex e-con e-child\" data-id=\"295ce43\" data-element_type=\"container\" data-e-type=\"container\">\n\t\t\t\t<div class=\"elementor-element elementor-element-b4b9fe8 eael-team-align-eael-team-align-default elementor-widget elementor-widget-eael-team-member\" data-id=\"b4b9fe8\" data-element_type=\"widget\" data-e-type=\"widget\" data-widget_type=\"eael-team-member.default\">\n\t\t\t\t<div class=\"elementor-widget-container\">\n\t\t\t\t\t\n\n\t<div id=\"eael-team-member-b4b9fe8\" class=\"eael-team-item eael-team-members-simple \">\n\t\t<div class=\"eael-team-item-inner\">\n\t\t\t<div class=\"eael-team-image\">\n\t\t\t\t<figure>\n\t\t\t\t\t\t\t\t\t<\/figure>\n\t\t\t\t\n\t\t\t\t\n\t\t\t<\/div>\n\n\t\t\t<div class=\"eael-team-content\">\n\t\t\t\t<h2 class=\"eael-team-member-name\">SEGUNDAS, TER\u00c7AS E QUINTAS<\/h2><h3 class=\"eael-team-member-position\">19h00<\/h3>\n\t\t\t\t\t\t\t\t\t\t\t\t\t\t<p class=\"eael-team-text\">Campo Henrique Tom\u00e1s Frade<br>\n<b>ERICEIRA<\/b><\/p>\n\t\t\t\t\t\t\t<\/div>\n\t\t<\/div>\n\t<\/div>\n\t\t\t\t\t<\/div>\n\t\t\t\t<\/div>\n\t\t\t\t<\/div>\n\t\t<div class=\"elementor-element elementor-element-43bd260 e-con-full e-flex e-con e-child\" data-id=\"43bd260\" data-element_type=\"container\" data-e-type=\"container\">\n\t\t\t\t<\/div>\n\t\t\t\t\t<\/div>\n\t\t\t\t<\/div>\n\t\t<div class=\"elementor-element elementor-element-6739a05 e-flex e-con-boxed e-con e-parent\" data-id=\"6739a05\" data-element_type=\"container\" data-e-type=\"container\">\n\t\t\t\t\t<div class=\"e-con-inner\">\n\t\t\t\t<div class=\"elementor-element elementor-element-fb95e16 elementor-widget-divider--view-line elementor-widget elementor-widget-divider\" data-id=\"fb95e16\" data-element_type=\"widget\" data-e-type=\"widget\" data-widget_type=\"divider.default\">\n\t\t\t\t<div class=\"elementor-widget-container\">\n\t\t\t\t\t\t\t<div class=\"elementor-divider\">\n\t\t\t<span class=\"elementor-divider-separator\">\n\t\t\t\t\t\t<\/span>\n\t\t<\/div>\n\t\t\t\t\t\t<\/div>\n\t\t\t\t<\/div>\n\t\t\t\t\t<\/div>\n\t\t\t\t<\/div>\n\t\t<div class=\"elementor-element elementor-element-8e7490d e-flex e-con-boxed e-con e-parent\" data-id=\"8e7490d\" data-element_type=\"container\" data-e-type=\"container\">\n\t\t\t\t\t<div class=\"e-con-inner\">\n\t\t\t\t<div class=\"elementor-element elementor-element-3ffd14b eael-dual-header-content-align-left elementor-widget elementor-widget-eael-dual-color-header\" data-id=\"3ffd14b\" data-element_type=\"widget\" data-e-type=\"widget\" data-widget_type=\"eael-dual-color-header.default\">\n\t\t\t\t<div class=\"elementor-widget-container\">\n\t\t\t\t\t\t\t\t<div class=\"eael-dual-header\">\n\t\t\t\t<h2 class=\"title eael-dch-title\"><span class=\"eael-dch-title-text eael-dch-title-lead lead solid-color\">INFANTIS<\/span> <span class=\"eael-dch-title-text\">B<\/span><\/h2>\t\t\t\t\t<span class=\"subtext\"><p>Atletas de 2014<\/p><\/span>\n\t\t\t\t\t\t\t<\/div>\n\n\t\t\t\t\t\t<\/div>\n\t\t\t\t<\/div>\n\t\t\t\t\t<\/div>\n\t\t\t\t<\/div>\n\t\t<div class=\"elementor-element elementor-element-3e90806 e-flex e-con-boxed e-con e-parent\" data-id=\"3e90806\" data-element_type=\"container\" data-e-type=\"container\">\n\t\t\t\t\t<div class=\"e-con-inner\">\n\t\t<div class=\"elementor-element elementor-element-c08b106 e-con-full e-flex e-con e-child\" data-id=\"c08b106\" data-element_type=\"container\" data-e-type=\"container\">\n\t\t\t\t<div class=\"elementor-element elementor-element-b09c009 eael-team-align-eael-team-align-default elementor-widget elementor-widget-eael-team-member\" data-id=\"b09c009\" data-element_type=\"widget\" data-e-type=\"widget\" data-widget_type=\"eael-team-member.default\">\n\t\t\t\t<div class=\"elementor-widget-container\">\n\t\t\t\t\t\n\n\t<div id=\"eael-team-member-b09c009\" class=\"eael-team-item eael-team-members-simple \">\n\t\t<div class=\"eael-team-item-inner\">\n\t\t\t<div class=\"eael-team-image\">\n\t\t\t\t<figure>\n\t\t\t\t\t\t\t\t\t<\/figure>\n\t\t\t\t\n\t\t\t\t\n\t\t\t<\/div>\n\n\t\t\t<div class=\"eael-team-content\">\n\t\t\t\t<h2 class=\"eael-team-member-name\">SEGUNDAS E QUARTAS<\/h2><h3 class=\"eael-team-member-position\">18h45<\/h3>\n\t\t\t\t\t\t\t\t\t\t\t\t\t\t<p class=\"eael-team-text\">Campo Henrique Tom\u00e1s Frade<br>\n<b>ERICEIRA<\/b>\n<\/p>\n\t\t\t\t\t\t\t<\/div>\n\t\t<\/div>\n\t<\/div>\n\t\t\t\t\t<\/div>\n\t\t\t\t<\/div>\n\t\t\t\t<\/div>\n\t\t<div class=\"elementor-element elementor-element-d837915 e-con-full e-flex e-con e-child\" data-id=\"d837915\" data-element_type=\"container\" data-e-type=\"container\">\n\t\t\t\t<\/div>\n\t\t\t\t\t<\/div>\n\t\t\t\t<\/div>\n\t\t\t\t<\/div>\n\t\t","protected":false},"excerpt":{"rendered":"<p>Hor\u00e1rios dos treinos \u00c9poca 2025 \/ 2026 INFANTIS A Atletas de 2013 SEGUNDAS, TER\u00c7AS E QUINTAS 19h00 Campo Henrique Tom\u00e1s Frade ERICEIRA INFANTIS B Atletas de 2014 SEGUNDAS E QUARTAS 18h45 Campo Henrique Tom\u00e1s Frade ERICEIRA<\/p>\n","protected":false},"author":1,"featured_media":0,"parent":0,"menu_order":0,"comment_status":"closed","ping_status":"closed","template":"template-full-width.php","meta":{"footnotes":""},"class_list":["post-3640","page","type-page","status-publish","hentry"],"aioseo_notices":[],"_links":{"self":[{"href":"https:\/\/gdue.pt\/pt\/wp-json\/wp\/v2\/pages\/3640","targetHints":{"allow":["GET"]}}],"collection":[{"href":"https:\/\/gdue.pt\/pt\/wp-json\/wp\/v2\/pages"}],"about":[{"href":"https:\/\/gdue.pt\/pt\/wp-json\/wp\/v2\/types\/page"}],"author":[{"embeddable":true,"href":"https:\/\/gdue.pt\/pt\/wp-json\/wp\/v2\/users\/1"}],"replies":[{"embeddable":true,"href":"https:\/\/gdue.pt\/pt\/wp-json\/wp\/v2\/comments?post=3640"}],"version-history":[{"count":4,"href":"https:\/\/gdue.pt\/pt\/wp-json\/wp\/v2\/pages\/3640\/revisions"}],"predecessor-version":[{"id":3644,"href":"https:\/\/gdue.pt\/pt\/wp-json\/wp\/v2\/pages\/3640\/revisions\/3644"}],"wp:attachment":[{"href":"https:\/\/gdue.pt\/pt\/wp-json\/wp\/v2\/media?parent=3640"}],"curies":[{"name":"wp","href":"https:\/\/api.w.org\/{rel}","templated":true}]}}