{"id":3424,"date":"2025-08-29T13:59:20","date_gmt":"2025-08-29T13:59:20","guid":{"rendered":"https:\/\/gdue.pt\/pt\/?page_id=3424"},"modified":"2025-08-29T14:13:18","modified_gmt":"2025-08-29T14:13:18","slug":"equipa-tecnica-seniores","status":"publish","type":"page","link":"https:\/\/gdue.pt\/pt\/equipa-tecnica-seniores\/","title":{"rendered":"EQUIPA T\u00c9CNICA &#8211; S\u00c9NIORES"},"content":{"rendered":"\t\t<div data-elementor-type=\"wp-page\" data-elementor-id=\"3424\" class=\"elementor elementor-3424\">\n\t\t\t\t<div class=\"elementor-element elementor-element-abf231d e-flex e-con-boxed e-con e-parent\" data-id=\"abf231d\" data-element_type=\"container\" data-e-type=\"container\">\n\t\t\t\t\t<div class=\"e-con-inner\">\n\t\t<div class=\"elementor-element elementor-element-3ea34e6 e-con-full e-flex e-con e-child\" data-id=\"3ea34e6\" data-element_type=\"container\" data-e-type=\"container\">\n\t\t\t\t<div class=\"elementor-element elementor-element-1a74cd9 elementor-widget elementor-widget-image\" data-id=\"1a74cd9\" data-element_type=\"widget\" data-e-type=\"widget\" data-widget_type=\"image.default\">\n\t\t\t\t<div class=\"elementor-widget-container\">\n\t\t\t\t\t\t\t\t\t\t\t\t\t\t\t<img fetchpriority=\"high\" decoding=\"async\" width=\"640\" height=\"800\" src=\"https:\/\/gdue.pt\/pt\/wp-content\/uploads\/2025\/08\/JOAO-PEDRO-1-819x1024.png\" class=\"attachment-large size-large wp-image-3435\" alt=\"\" srcset=\"https:\/\/gdue.pt\/pt\/wp-content\/uploads\/2025\/08\/JOAO-PEDRO-1-819x1024.png 819w, https:\/\/gdue.pt\/pt\/wp-content\/uploads\/2025\/08\/JOAO-PEDRO-1-240x300.png 240w, https:\/\/gdue.pt\/pt\/wp-content\/uploads\/2025\/08\/JOAO-PEDRO-1-768x960.png 768w, https:\/\/gdue.pt\/pt\/wp-content\/uploads\/2025\/08\/JOAO-PEDRO-1-102x128.png 102w, https:\/\/gdue.pt\/pt\/wp-content\/uploads\/2025\/08\/JOAO-PEDRO-1-26x32.png 26w, https:\/\/gdue.pt\/pt\/wp-content\/uploads\/2025\/08\/JOAO-PEDRO-1-320x400.png 320w, https:\/\/gdue.pt\/pt\/wp-content\/uploads\/2025\/08\/JOAO-PEDRO-1-464x580.png 464w, https:\/\/gdue.pt\/pt\/wp-content\/uploads\/2025\/08\/JOAO-PEDRO-1-56x70.png 56w, https:\/\/gdue.pt\/pt\/wp-content\/uploads\/2025\/08\/JOAO-PEDRO-1-80x100.png 80w, https:\/\/gdue.pt\/pt\/wp-content\/uploads\/2025\/08\/JOAO-PEDRO-1-600x750.png 600w, https:\/\/gdue.pt\/pt\/wp-content\/uploads\/2025\/08\/JOAO-PEDRO-1.png 1080w\" sizes=\"(max-width: 640px) 100vw, 640px\" \/>\t\t\t\t\t\t\t\t\t\t\t\t\t\t\t<\/div>\n\t\t\t\t<\/div>\n\t\t\t\t<\/div>\n\t\t<div class=\"elementor-element elementor-element-6608e9e e-con-full e-flex e-con e-child\" data-id=\"6608e9e\" data-element_type=\"container\" data-e-type=\"container\">\n\t\t\t\t<div class=\"elementor-element elementor-element-b7ab9d0 elementor-widget elementor-widget-heading\" data-id=\"b7ab9d0\" data-element_type=\"widget\" data-e-type=\"widget\" data-widget_type=\"heading.default\">\n\t\t\t\t<div class=\"elementor-widget-container\">\n\t\t\t\t\t<h2 class=\"elementor-heading-title elementor-size-default\">JO\u00c3O PEDRO<\/h2>\t\t\t\t<\/div>\n\t\t\t\t<\/div>\n\t\t\t\t<div class=\"elementor-element elementor-element-4cfbf93 elementor-widget elementor-widget-text-editor\" data-id=\"4cfbf93\" data-element_type=\"widget\" data-e-type=\"widget\" data-widget_type=\"text-editor.default\">\n\t\t\t\t<div class=\"elementor-widget-container\">\n\t\t\t\t\t\t\t\t\t<div class=\"vc_row wpb_row vc_row-fluid\"><div class=\"wpb_column vc_column_container vc_col-sm-12\"><div class=\"vc_column-inner\"><div class=\"wpb_wrapper\"><div class=\"vc_separator wpb_content_element vc_separator_align_left vc_sep_width_100 vc_sep_pos_align_center vc_sep_color_grey vc_separator-has-text\"><h4>TREINADOR PRINCIPAL DA EQUIPA S\u00c9NIOR<\/h4><\/div><\/div><\/div><\/div><\/div>\t\t\t\t\t\t\t\t<\/div>\n\t\t\t\t<\/div>\n\t\t\t\t<\/div>\n\t\t\t\t\t<\/div>\n\t\t\t\t<\/div>\n\t\t<div class=\"elementor-element elementor-element-ae4e21a e-flex e-con-boxed e-con e-parent\" data-id=\"ae4e21a\" data-element_type=\"container\" data-e-type=\"container\">\n\t\t\t\t\t<div class=\"e-con-inner\">\n\t\t<div class=\"elementor-element elementor-element-caad32b e-con-full e-flex e-con e-child\" data-id=\"caad32b\" data-element_type=\"container\" data-e-type=\"container\">\n\t\t\t\t<div class=\"elementor-element elementor-element-4c82177 eael-team-align-eael-team-align-default elementor-widget elementor-widget-eael-team-member\" data-id=\"4c82177\" data-element_type=\"widget\" data-e-type=\"widget\" data-widget_type=\"eael-team-member.default\">\n\t\t\t\t<div class=\"elementor-widget-container\">\n\t\t\t\t\t\n\n\t<div id=\"eael-team-member-4c82177\" class=\"eael-team-item eael-team-members-simple \">\n\t\t<div class=\"eael-team-item-inner\">\n\t\t\t<div class=\"eael-team-image\">\n\t\t\t\t<figure>\n\t\t\t\t\t\t\t\t\t\t<img decoding=\"async\" src=\"https:\/\/gdue.pt\/pt\/wp-content\/uploads\/2025\/08\/BERNARDO-TOME.png\" alt=\"BERNARDO TOM\u00c9\">\n\t\t\t\t\t\t\t\t\t<\/figure>\n\t\t\t\t\n\t\t\t\t\n\t\t\t<\/div>\n\n\t\t\t<div class=\"eael-team-content\">\n\t\t\t\t<h2 class=\"eael-team-member-name\">Bernardo Tom\u00e9<\/h2><h3 class=\"eael-team-member-position\">Treinador Adjunto<\/h3>\n\t\t\t\t\t\t\t\t\t\t\t\t\t\t<p class=\"eael-team-text\"><\/p>\n\t\t\t\t\t\t\t<\/div>\n\t\t<\/div>\n\t<\/div>\n\t\t\t\t\t<\/div>\n\t\t\t\t<\/div>\n\t\t\t\t<\/div>\n\t\t<div class=\"elementor-element elementor-element-62636c0 e-con-full e-flex e-con e-child\" data-id=\"62636c0\" data-element_type=\"container\" data-e-type=\"container\">\n\t\t\t\t<div class=\"elementor-element elementor-element-555c3f5 eael-team-align-eael-team-align-default elementor-widget elementor-widget-eael-team-member\" data-id=\"555c3f5\" data-element_type=\"widget\" data-e-type=\"widget\" data-widget_type=\"eael-team-member.default\">\n\t\t\t\t<div class=\"elementor-widget-container\">\n\t\t\t\t\t\n\n\t<div id=\"eael-team-member-555c3f5\" class=\"eael-team-item eael-team-members-simple \">\n\t\t<div class=\"eael-team-item-inner\">\n\t\t\t<div class=\"eael-team-image\">\n\t\t\t\t<figure>\n\t\t\t\t\t\t\t\t\t\t<img decoding=\"async\" src=\"https:\/\/gdue.pt\/pt\/wp-content\/uploads\/2025\/08\/PEDRO-ROSARIO.png\" alt=\"PEDRO ROS\u00c1RIO\">\n\t\t\t\t\t\t\t\t\t<\/figure>\n\t\t\t\t\n\t\t\t\t\n\t\t\t<\/div>\n\n\t\t\t<div class=\"eael-team-content\">\n\t\t\t\t<h2 class=\"eael-team-member-name\">Pedro Ros\u00e1rio<\/h2><h3 class=\"eael-team-member-position\">Treinador Adjunto<\/h3>\n\t\t\t\t\t\t\t\t\t\t\t\t\t\t<p class=\"eael-team-text\"><\/p>\n\t\t\t\t\t\t\t<\/div>\n\t\t<\/div>\n\t<\/div>\n\t\t\t\t\t<\/div>\n\t\t\t\t<\/div>\n\t\t\t\t<\/div>\n\t\t<div class=\"elementor-element elementor-element-3ed5fd2 e-con-full e-flex e-con e-child\" data-id=\"3ed5fd2\" data-element_type=\"container\" data-e-type=\"container\">\n\t\t\t\t<div class=\"elementor-element elementor-element-9745913 eael-team-align-eael-team-align-default elementor-widget elementor-widget-eael-team-member\" data-id=\"9745913\" data-element_type=\"widget\" data-e-type=\"widget\" data-widget_type=\"eael-team-member.default\">\n\t\t\t\t<div class=\"elementor-widget-container\">\n\t\t\t\t\t\n\n\t<div id=\"eael-team-member-9745913\" class=\"eael-team-item eael-team-members-simple \">\n\t\t<div class=\"eael-team-item-inner\">\n\t\t\t<div class=\"eael-team-image\">\n\t\t\t\t<figure>\n\t\t\t\t\t\t\t\t\t\t<img decoding=\"async\" src=\"https:\/\/gdue.pt\/pt\/wp-content\/uploads\/2025\/08\/FILIPE-GOMES-1.png\" alt=\"FILIPE GOMES\">\n\t\t\t\t\t\t\t\t\t<\/figure>\n\t\t\t\t\n\t\t\t\t\n\t\t\t<\/div>\n\n\t\t\t<div class=\"eael-team-content\">\n\t\t\t\t<h2 class=\"eael-team-member-name\">Pedro Ros\u00e1rio<\/h2><h3 class=\"eael-team-member-position\">Treinador Adjunto<\/h3>\n\t\t\t\t\t\t\t\t\t\t\t\t\t\t<p class=\"eael-team-text\"><\/p>\n\t\t\t\t\t\t\t<\/div>\n\t\t<\/div>\n\t<\/div>\n\t\t\t\t\t<\/div>\n\t\t\t\t<\/div>\n\t\t\t\t<\/div>\n\t\t<div class=\"elementor-element elementor-element-d24ea71 e-con-full e-flex e-con e-child\" data-id=\"d24ea71\" data-element_type=\"container\" data-e-type=\"container\">\n\t\t\t\t<div class=\"elementor-element elementor-element-df62c9f eael-team-align-eael-team-align-default elementor-widget elementor-widget-eael-team-member\" data-id=\"df62c9f\" data-element_type=\"widget\" data-e-type=\"widget\" data-widget_type=\"eael-team-member.default\">\n\t\t\t\t<div class=\"elementor-widget-container\">\n\t\t\t\t\t\n\n\t<div id=\"eael-team-member-df62c9f\" class=\"eael-team-item eael-team-members-simple \">\n\t\t<div class=\"eael-team-item-inner\">\n\t\t\t<div class=\"eael-team-image\">\n\t\t\t\t<figure>\n\t\t\t\t\t\t\t\t\t\t<img decoding=\"async\" src=\"https:\/\/gdue.pt\/pt\/wp-content\/uploads\/2025\/08\/FERNANDO-NEGAS.png\" alt=\"FERNANDO NEGAS\">\n\t\t\t\t\t\t\t\t\t<\/figure>\n\t\t\t\t\n\t\t\t\t\n\t\t\t<\/div>\n\n\t\t\t<div class=\"eael-team-content\">\n\t\t\t\t<h2 class=\"eael-team-member-name\">Fernando Negas<\/h2><h3 class=\"eael-team-member-position\">Treinador Adjunto<\/h3>\n\t\t\t\t\t\t\t\t\t\t\t\t\t\t<p class=\"eael-team-text\"><\/p>\n\t\t\t\t\t\t\t<\/div>\n\t\t<\/div>\n\t<\/div>\n\t\t\t\t\t<\/div>\n\t\t\t\t<\/div>\n\t\t\t\t<\/div>\n\t\t<div class=\"elementor-element elementor-element-60a8c51 e-con-full e-flex e-con e-child\" data-id=\"60a8c51\" data-element_type=\"container\" data-e-type=\"container\">\n\t\t\t\t<div class=\"elementor-element elementor-element-8b89e33 eael-team-align-eael-team-align-default elementor-widget elementor-widget-eael-team-member\" data-id=\"8b89e33\" data-element_type=\"widget\" data-e-type=\"widget\" data-widget_type=\"eael-team-member.default\">\n\t\t\t\t<div class=\"elementor-widget-container\">\n\t\t\t\t\t\n\n\t<div id=\"eael-team-member-8b89e33\" class=\"eael-team-item eael-team-members-simple \">\n\t\t<div class=\"eael-team-item-inner\">\n\t\t\t<div class=\"eael-team-image\">\n\t\t\t\t<figure>\n\t\t\t\t\t\t\t\t\t\t<img decoding=\"async\" src=\"https:\/\/gdue.pt\/pt\/wp-content\/uploads\/2025\/08\/VITOR-GASPAR.png\" alt=\"V\u00cdTOR GASPAR\">\n\t\t\t\t\t\t\t\t\t<\/figure>\n\t\t\t\t\n\t\t\t\t\n\t\t\t<\/div>\n\n\t\t\t<div class=\"eael-team-content\">\n\t\t\t\t<h2 class=\"eael-team-member-name\">V\u00edtor Gaspar<\/h2><h3 class=\"eael-team-member-position\">Treinador de Guarda-Redes<\/h3>\n\t\t\t\t\t\t\t\t\t\t\t\t\t\t<p class=\"eael-team-text\"><\/p>\n\t\t\t\t\t\t\t<\/div>\n\t\t<\/div>\n\t<\/div>\n\t\t\t\t\t<\/div>\n\t\t\t\t<\/div>\n\t\t\t\t<\/div>\n\t\t<div class=\"elementor-element elementor-element-1c78c95 e-con-full e-flex e-con e-child\" data-id=\"1c78c95\" data-element_type=\"container\" data-e-type=\"container\">\n\t\t\t\t<div class=\"elementor-element elementor-element-e0b6362 eael-team-align-eael-team-align-default elementor-widget elementor-widget-eael-team-member\" data-id=\"e0b6362\" data-element_type=\"widget\" data-e-type=\"widget\" data-widget_type=\"eael-team-member.default\">\n\t\t\t\t<div class=\"elementor-widget-container\">\n\t\t\t\t\t\n\n\t<div id=\"eael-team-member-e0b6362\" class=\"eael-team-item eael-team-members-simple \">\n\t\t<div class=\"eael-team-item-inner\">\n\t\t\t<div class=\"eael-team-image\">\n\t\t\t\t<figure>\n\t\t\t\t\t\t\t\t\t\t<img decoding=\"async\" src=\"https:\/\/gdue.pt\/pt\/wp-content\/uploads\/2025\/08\/DANIEL-LOURENCO.png\" alt=\"\">\n\t\t\t\t\t\t\t\t\t<\/figure>\n\t\t\t\t\n\t\t\t\t\n\t\t\t<\/div>\n\n\t\t\t<div class=\"eael-team-content\">\n\t\t\t\t<h2 class=\"eael-team-member-name\">Daniel Louren\u00e7o<\/h2><h3 class=\"eael-team-member-position\">Analista<\/h3>\n\t\t\t\t\t\t\t\t\t\t\t\t\t\t<p class=\"eael-team-text\"><\/p>\n\t\t\t\t\t\t\t<\/div>\n\t\t<\/div>\n\t<\/div>\n\t\t\t\t\t<\/div>\n\t\t\t\t<\/div>\n\t\t\t\t<\/div>\n\t\t\t\t\t<\/div>\n\t\t\t\t<\/div>\n\t\t\t\t<\/div>\n\t\t","protected":false},"excerpt":{"rendered":"<p>JO\u00c3O PEDRO TREINADOR PRINCIPAL DA EQUIPA S\u00c9NIOR Bernardo Tom\u00e9 Treinador Adjunto Pedro Ros\u00e1rio Treinador Adjunto Pedro Ros\u00e1rio Treinador Adjunto Fernando Negas Treinador Adjunto V\u00edtor Gaspar Treinador de Guarda-Redes Daniel Louren\u00e7o Analista<\/p>\n","protected":false},"author":1,"featured_media":0,"parent":0,"menu_order":0,"comment_status":"closed","ping_status":"closed","template":"template-full-width.php","meta":{"footnotes":""},"class_list":["post-3424","page","type-page","status-publish","hentry"],"aioseo_notices":[],"_links":{"self":[{"href":"https:\/\/gdue.pt\/pt\/wp-json\/wp\/v2\/pages\/3424","targetHints":{"allow":["GET"]}}],"collection":[{"href":"https:\/\/gdue.pt\/pt\/wp-json\/wp\/v2\/pages"}],"about":[{"href":"https:\/\/gdue.pt\/pt\/wp-json\/wp\/v2\/types\/page"}],"author":[{"embeddable":true,"href":"https:\/\/gdue.pt\/pt\/wp-json\/wp\/v2\/users\/1"}],"replies":[{"embeddable":true,"href":"https:\/\/gdue.pt\/pt\/wp-json\/wp\/v2\/comments?post=3424"}],"version-history":[{"count":10,"href":"https:\/\/gdue.pt\/pt\/wp-json\/wp\/v2\/pages\/3424\/revisions"}],"predecessor-version":[{"id":3448,"href":"https:\/\/gdue.pt\/pt\/wp-json\/wp\/v2\/pages\/3424\/revisions\/3448"}],"wp:attachment":[{"href":"https:\/\/gdue.pt\/pt\/wp-json\/wp\/v2\/media?parent=3424"}],"curies":[{"name":"wp","href":"https:\/\/api.w.org\/{rel}","templated":true}]}}