{"id":2202,"date":"2024-03-25T20:02:48","date_gmt":"2024-03-25T20:02:48","guid":{"rendered":"http:\/\/gdue.pt\/pt\/?page_id=2202"},"modified":"2025-09-02T19:31:28","modified_gmt":"2025-09-02T19:31:28","slug":"juniores-m","status":"publish","type":"page","link":"https:\/\/gdue.pt\/pt\/juniores-m\/","title":{"rendered":"JUNIORES"},"content":{"rendered":"\t\t<div data-elementor-type=\"wp-page\" data-elementor-id=\"2202\" class=\"elementor elementor-2202\">\n\t\t\t\t<div class=\"elementor-element elementor-element-6ae6cd3 e-flex e-con-boxed e-con e-parent\" data-id=\"6ae6cd3\" data-element_type=\"container\" data-e-type=\"container\">\n\t\t\t\t\t<div class=\"e-con-inner\">\n\t\t<div class=\"elementor-element elementor-element-14ed317 e-con-full e-flex e-con e-child\" data-id=\"14ed317\" data-element_type=\"container\" data-e-type=\"container\">\n\t\t\t\t<div class=\"elementor-element elementor-element-89993b0 elementor-widget elementor-widget-heading\" data-id=\"89993b0\" data-element_type=\"widget\" data-e-type=\"widget\" data-widget_type=\"heading.default\">\n\t\t\t\t<div class=\"elementor-widget-container\">\n\t\t\t\t\t<h2 class=\"elementor-heading-title elementor-size-default\">Hor\u00e1rios dos treinos<\/h2>\t\t\t\t<\/div>\n\t\t\t\t<\/div>\n\t\t\t\t<\/div>\n\t\t<div class=\"elementor-element elementor-element-641eca3 e-con-full e-flex e-con e-child\" data-id=\"641eca3\" data-element_type=\"container\" data-e-type=\"container\">\n\t\t\t\t<div class=\"elementor-element elementor-element-da4365d elementor-widget elementor-widget-text-editor\" data-id=\"da4365d\" data-element_type=\"widget\" data-e-type=\"widget\" data-widget_type=\"text-editor.default\">\n\t\t\t\t<div class=\"elementor-widget-container\">\n\t\t\t\t\t\t\t\t\t<p>\u00c9poca 2025 \/ 2026<\/p>\t\t\t\t\t\t\t\t<\/div>\n\t\t\t\t<\/div>\n\t\t\t\t<\/div>\n\t\t\t\t\t<\/div>\n\t\t\t\t<\/div>\n\t\t<div class=\"elementor-element elementor-element-1ab9f343 e-flex e-con-boxed e-con e-parent\" data-id=\"1ab9f343\" data-element_type=\"container\" data-e-type=\"container\">\n\t\t\t\t\t<div class=\"e-con-inner\">\n\t\t\t\t<div class=\"elementor-element elementor-element-5d82e307 eael-dual-header-content-align-left elementor-widget elementor-widget-eael-dual-color-header\" data-id=\"5d82e307\" data-element_type=\"widget\" data-e-type=\"widget\" data-widget_type=\"eael-dual-color-header.default\">\n\t\t\t\t<div class=\"elementor-widget-container\">\n\t\t\t\t\t\t\t\t<div class=\"eael-dual-header\">\n\t\t\t\t<h2 class=\"title eael-dch-title\"><span class=\"eael-dch-title-text eael-dch-title-lead lead solid-color\">JUNIORES<\/span> <span class=\"eael-dch-title-text\"><\/span><\/h2>\t\t\t\t\t<span class=\"subtext\"><p>Atletas de 2007 \/ 2008<\/p><\/span>\n\t\t\t\t\t\t\t<\/div>\n\n\t\t\t\t\t\t<\/div>\n\t\t\t\t<\/div>\n\t\t\t\t\t<\/div>\n\t\t\t\t<\/div>\n\t\t<div class=\"elementor-element elementor-element-6abbda6 e-flex e-con-boxed e-con e-parent\" data-id=\"6abbda6\" data-element_type=\"container\" data-e-type=\"container\">\n\t\t\t\t\t<div class=\"e-con-inner\">\n\t\t<div class=\"elementor-element elementor-element-295ce43 e-con-full e-flex e-con e-child\" data-id=\"295ce43\" data-element_type=\"container\" data-e-type=\"container\">\n\t\t\t\t<div class=\"elementor-element elementor-element-b4b9fe8 eael-team-align-eael-team-align-default elementor-widget elementor-widget-eael-team-member\" data-id=\"b4b9fe8\" data-element_type=\"widget\" data-e-type=\"widget\" data-widget_type=\"eael-team-member.default\">\n\t\t\t\t<div class=\"elementor-widget-container\">\n\t\t\t\t\t\n\n\t<div id=\"eael-team-member-b4b9fe8\" class=\"eael-team-item eael-team-members-simple \">\n\t\t<div class=\"eael-team-item-inner\">\n\t\t\t<div class=\"eael-team-image\">\n\t\t\t\t<figure>\n\t\t\t\t\t\t\t\t\t<\/figure>\n\t\t\t\t\n\t\t\t\t\n\t\t\t<\/div>\n\n\t\t\t<div class=\"eael-team-content\">\n\t\t\t\t<h2 class=\"eael-team-member-name\">Segundas e Quartas<\/h2><h3 class=\"eael-team-member-position\">21h00<\/h3>\n\t\t\t\t\t\t\t\t\t\t\t\t\t\t<p class=\"eael-team-text\">Campo Henrique Tom\u00e1s Frade<br>\n<b>ERICEIRA<\/b><\/p>\n\t\t\t\t\t\t\t<\/div>\n\t\t<\/div>\n\t<\/div>\n\t\t\t\t\t<\/div>\n\t\t\t\t<\/div>\n\t\t\t\t<\/div>\n\t\t<div class=\"elementor-element elementor-element-43bd260 e-con-full e-flex e-con e-child\" data-id=\"43bd260\" data-element_type=\"container\" data-e-type=\"container\">\n\t\t\t\t<div class=\"elementor-element elementor-element-8e7c4b6 eael-team-align-eael-team-align-default elementor-widget elementor-widget-eael-team-member\" data-id=\"8e7c4b6\" data-element_type=\"widget\" data-e-type=\"widget\" data-widget_type=\"eael-team-member.default\">\n\t\t\t\t<div class=\"elementor-widget-container\">\n\t\t\t\t\t\n\n\t<div id=\"eael-team-member-8e7c4b6\" class=\"eael-team-item eael-team-members-simple \">\n\t\t<div class=\"eael-team-item-inner\">\n\t\t\t<div class=\"eael-team-image\">\n\t\t\t\t<figure>\n\t\t\t\t\t\t\t\t\t<\/figure>\n\t\t\t\t\n\t\t\t\t\n\t\t\t<\/div>\n\n\t\t\t<div class=\"eael-team-content\">\n\t\t\t\t<h2 class=\"eael-team-member-name\">Quintas<\/h2><h3 class=\"eael-team-member-position\">20h30<\/h3>\n\t\t\t\t\t\t\t\t\t\t\t\t\t\t<p class=\"eael-team-text\">Campo do GR Gon\u00e7alvinhense<br>\n<b>GON\u00c7ALVINHOS<\/b>\n<\/p>\n\t\t\t\t\t\t\t<\/div>\n\t\t<\/div>\n\t<\/div>\n\t\t\t\t\t<\/div>\n\t\t\t\t<\/div>\n\t\t\t\t<\/div>\n\t\t\t\t\t<\/div>\n\t\t\t\t<\/div>\n\t\t\t\t<\/div>\n\t\t","protected":false},"excerpt":{"rendered":"<p>Hor\u00e1rios dos treinos \u00c9poca 2025 \/ 2026 JUNIORES Atletas de 2007 \/ 2008 Segundas e Quartas 21h00 Campo Henrique Tom\u00e1s Frade ERICEIRA Quintas 20h30 Campo do GR Gon\u00e7alvinhense GON\u00c7ALVINHOS<\/p>\n","protected":false},"author":1,"featured_media":0,"parent":0,"menu_order":0,"comment_status":"closed","ping_status":"closed","template":"template-full-width.php","meta":{"footnotes":""},"class_list":["post-2202","page","type-page","status-publish","hentry"],"aioseo_notices":[],"_links":{"self":[{"href":"https:\/\/gdue.pt\/pt\/wp-json\/wp\/v2\/pages\/2202","targetHints":{"allow":["GET"]}}],"collection":[{"href":"https:\/\/gdue.pt\/pt\/wp-json\/wp\/v2\/pages"}],"about":[{"href":"https:\/\/gdue.pt\/pt\/wp-json\/wp\/v2\/types\/page"}],"author":[{"embeddable":true,"href":"https:\/\/gdue.pt\/pt\/wp-json\/wp\/v2\/users\/1"}],"replies":[{"embeddable":true,"href":"https:\/\/gdue.pt\/pt\/wp-json\/wp\/v2\/comments?post=2202"}],"version-history":[{"count":55,"href":"https:\/\/gdue.pt\/pt\/wp-json\/wp\/v2\/pages\/2202\/revisions"}],"predecessor-version":[{"id":3622,"href":"https:\/\/gdue.pt\/pt\/wp-json\/wp\/v2\/pages\/2202\/revisions\/3622"}],"wp:attachment":[{"href":"https:\/\/gdue.pt\/pt\/wp-json\/wp\/v2\/media?parent=2202"}],"curies":[{"name":"wp","href":"https:\/\/api.w.org\/{rel}","templated":true}]}}