{"id":1997,"date":"2024-02-06T22:57:38","date_gmt":"2024-02-06T22:57:38","guid":{"rendered":"http:\/\/gdue.pt\/pt\/?page_id=1997"},"modified":"2024-02-06T22:57:42","modified_gmt":"2024-02-06T22:57:42","slug":"futebol-feminino","status":"publish","type":"page","link":"https:\/\/gdue.pt\/pt\/futebol-feminino\/","title":{"rendered":"FUTEBOL FEMININO"},"content":{"rendered":"\n<p>Iniciada em 2022, esta sec\u00e7\u00e3o em dado passos consistentes na melhoria qualidade das nossas atletas, nos processos formativos e na capacidade competitiva.<\/p>\n\n\n\n<p>J\u00e1 este ano inscrevemos, pela primeira vez, duas equipas nas competi\u00e7\u00f5es organizadas pela Associa\u00e7\u00e3o de Futebol de Lisboa, mais especificamente, nos campeonatos de Futebol Feminino, escal\u00f5es de Infantis e Juvenis.<\/p>\n","protected":false},"excerpt":{"rendered":"<p>Iniciada em 2022, esta sec\u00e7\u00e3o em dado passos consistentes na melhoria qualidade das nossas atletas, nos processos formativos e na capacidade competitiva. J\u00e1 este ano inscrevemos, pela primeira vez, duas equipas nas competi\u00e7\u00f5es organizadas pela Associa\u00e7\u00e3o de Futebol de Lisboa, mais especificamente, nos campeonatos de Futebol Feminino, escal\u00f5es de Infantis e Juvenis.<\/p>\n","protected":false},"author":1,"featured_media":0,"parent":0,"menu_order":0,"comment_status":"closed","ping_status":"closed","template":"template-full-width.php","meta":{"footnotes":""},"class_list":["post-1997","page","type-page","status-publish","hentry"],"aioseo_notices":[],"_links":{"self":[{"href":"https:\/\/gdue.pt\/pt\/wp-json\/wp\/v2\/pages\/1997","targetHints":{"allow":["GET"]}}],"collection":[{"href":"https:\/\/gdue.pt\/pt\/wp-json\/wp\/v2\/pages"}],"about":[{"href":"https:\/\/gdue.pt\/pt\/wp-json\/wp\/v2\/types\/page"}],"author":[{"embeddable":true,"href":"https:\/\/gdue.pt\/pt\/wp-json\/wp\/v2\/users\/1"}],"replies":[{"embeddable":true,"href":"https:\/\/gdue.pt\/pt\/wp-json\/wp\/v2\/comments?post=1997"}],"version-history":[{"count":1,"href":"https:\/\/gdue.pt\/pt\/wp-json\/wp\/v2\/pages\/1997\/revisions"}],"predecessor-version":[{"id":1998,"href":"https:\/\/gdue.pt\/pt\/wp-json\/wp\/v2\/pages\/1997\/revisions\/1998"}],"wp:attachment":[{"href":"https:\/\/gdue.pt\/pt\/wp-json\/wp\/v2\/media?parent=1997"}],"curies":[{"name":"wp","href":"https:\/\/api.w.org\/{rel}","templated":true}]}}