{"id":1995,"date":"2024-02-06T22:54:47","date_gmt":"2024-02-06T22:54:47","guid":{"rendered":"http:\/\/gdue.pt\/pt\/?page_id=1995"},"modified":"2024-02-06T22:54:50","modified_gmt":"2024-02-06T22:54:50","slug":"academia-de-futebol","status":"publish","type":"page","link":"https:\/\/gdue.pt\/pt\/academia-de-futebol\/","title":{"rendered":"ACADEMIA DE FUTEBOL"},"content":{"rendered":"\n<p>A Academia de Futebol de Forma\u00e7\u00e3o, foi criada em 2006 e \u00e9 hoje reconhecida, pela Federa\u00e7\u00e3o Portuguesa de Futebol em parceria com a Associa\u00e7\u00e3o de Futebol de Lisboa, como Entidade Formadora de Futebol Masculino, 3 estrelas e abrange todos os escal\u00f5es, desde os Petizes aos Juniores.<\/p>\n\n\n\n<p>Acreditamos que a pr\u00e1tica de futebol \u00e9 um fator importante para o desenvolvimento equilibrado dos atletas na dimens\u00e3o f\u00edsica e t\u00e9cnica, mas tamb\u00e9m, nas dimens\u00f5es humana, social e c\u00edvica.<\/p>\n\n\n\n<p>A evolu\u00e7\u00e3o da nossa Academia tem sido assinal\u00e1vel e \u00e9 com orgulho, mas tamb\u00e9m com um grande sentido de responsabilidade, que verificamos um crescimento continuo e sustentado do n\u00famero de praticantes, que j\u00e1 atingiu os 400 atletas, oriundos das mais diversas nacionalidades. Brasil, Espanha, Israel, EUA, Inglaterra, Ucr\u00e2nia, Bielorr\u00fassia, Tanz\u00e2nia, Austr\u00e1lia, Fran\u00e7a, Venezuela, Holanda, \u00c1frica do Sul, Alemanha, Su\u00e9cia e Portugal, s\u00e3o exemplos da dimens\u00e3o ecl\u00e9tica da nossa academia e de toda a riqueza que a diversidade encerra.<\/p>\n","protected":false},"excerpt":{"rendered":"<p>A Academia de Futebol de Forma\u00e7\u00e3o, foi criada em 2006 e \u00e9 hoje reconhecida, pela Federa\u00e7\u00e3o Portuguesa de Futebol em parceria com a Associa\u00e7\u00e3o de Futebol de Lisboa, como Entidade Formadora de Futebol Masculino, 3 estrelas e abrange todos os escal\u00f5es, desde os Petizes aos Juniores. Acreditamos que a pr\u00e1tica de futebol \u00e9 um fator&#8230;<\/p>\n","protected":false},"author":1,"featured_media":0,"parent":0,"menu_order":0,"comment_status":"closed","ping_status":"closed","template":"template-full-width.php","meta":{"footnotes":""},"class_list":["post-1995","page","type-page","status-publish","hentry"],"aioseo_notices":[],"_links":{"self":[{"href":"https:\/\/gdue.pt\/pt\/wp-json\/wp\/v2\/pages\/1995","targetHints":{"allow":["GET"]}}],"collection":[{"href":"https:\/\/gdue.pt\/pt\/wp-json\/wp\/v2\/pages"}],"about":[{"href":"https:\/\/gdue.pt\/pt\/wp-json\/wp\/v2\/types\/page"}],"author":[{"embeddable":true,"href":"https:\/\/gdue.pt\/pt\/wp-json\/wp\/v2\/users\/1"}],"replies":[{"embeddable":true,"href":"https:\/\/gdue.pt\/pt\/wp-json\/wp\/v2\/comments?post=1995"}],"version-history":[{"count":1,"href":"https:\/\/gdue.pt\/pt\/wp-json\/wp\/v2\/pages\/1995\/revisions"}],"predecessor-version":[{"id":1996,"href":"https:\/\/gdue.pt\/pt\/wp-json\/wp\/v2\/pages\/1995\/revisions\/1996"}],"wp:attachment":[{"href":"https:\/\/gdue.pt\/pt\/wp-json\/wp\/v2\/media?parent=1995"}],"curies":[{"name":"wp","href":"https:\/\/api.w.org\/{rel}","templated":true}]}}