{"id":1990,"date":"2024-02-06T22:48:22","date_gmt":"2024-02-06T22:48:22","guid":{"rendered":"http:\/\/gdue.pt\/pt\/?page_id=1990"},"modified":"2024-02-06T22:48:26","modified_gmt":"2024-02-06T22:48:26","slug":"objectivos","status":"publish","type":"page","link":"https:\/\/gdue.pt\/pt\/objectivos\/","title":{"rendered":"OBJECTIVOS"},"content":{"rendered":"\n<ul class=\"wp-block-list\">\n<li>Contribuir para o desenvolvimento da pr\u00e1tica desportiva.<\/li>\n\n\n\n<li>Promover h\u00e1bitos de vida saud\u00e1vel.<\/li>\n\n\n\n<li>Formar pelo desporto, contribuindo para o desenvolvimento de cidad\u00e3os com participa\u00e7\u00e3o ativa e respons\u00e1vel da vida em sociedade.<\/li>\n\n\n\n<li>Desenvolver pr\u00e1ticas de desenvolvimento sustent\u00e1vel e prote\u00e7\u00e3o do meio ambiente.<\/li>\n\n\n\n<li>Contribuir para afirma\u00e7\u00e3o da vila da Ericeira e do concelho de Mafra, enquanto plataformas de desenvolvimento do desporto, numa perspetiva mais alargada e inclusiva.<\/li>\n<\/ul>\n","protected":false},"excerpt":{"rendered":"Contribuir para o desenvolvimento da pr\u00e1tica desportiva. Promover h\u00e1bitos de vida saud\u00e1vel. Formar pelo desporto, contribuindo para o desenvolvimento de cidad\u00e3os com participa\u00e7\u00e3o ativa e respons\u00e1vel da vida em sociedade. Desenvolver pr\u00e1ticas de desenvolvimento sustent\u00e1vel e prote\u00e7\u00e3o do meio ambiente. Contribuir para afirma\u00e7\u00e3o da vila da Ericeira e do concelho de Mafra, enquanto plataformas de...","protected":false},"author":1,"featured_media":0,"parent":0,"menu_order":0,"comment_status":"closed","ping_status":"closed","template":"template-full-width.php","meta":{"footnotes":""},"class_list":["post-1990","page","type-page","status-publish","hentry"],"aioseo_notices":[],"_links":{"self":[{"href":"https:\/\/gdue.pt\/pt\/wp-json\/wp\/v2\/pages\/1990","targetHints":{"allow":["GET"]}}],"collection":[{"href":"https:\/\/gdue.pt\/pt\/wp-json\/wp\/v2\/pages"}],"about":[{"href":"https:\/\/gdue.pt\/pt\/wp-json\/wp\/v2\/types\/page"}],"author":[{"embeddable":true,"href":"https:\/\/gdue.pt\/pt\/wp-json\/wp\/v2\/users\/1"}],"replies":[{"embeddable":true,"href":"https:\/\/gdue.pt\/pt\/wp-json\/wp\/v2\/comments?post=1990"}],"version-history":[{"count":1,"href":"https:\/\/gdue.pt\/pt\/wp-json\/wp\/v2\/pages\/1990\/revisions"}],"predecessor-version":[{"id":1991,"href":"https:\/\/gdue.pt\/pt\/wp-json\/wp\/v2\/pages\/1990\/revisions\/1991"}],"wp:attachment":[{"href":"https:\/\/gdue.pt\/pt\/wp-json\/wp\/v2\/media?parent=1990"}],"curies":[{"name":"wp","href":"https:\/\/api.w.org\/{rel}","templated":true}]}}