{"id":1987,"date":"2024-02-06T22:45:24","date_gmt":"2024-02-06T22:45:24","guid":{"rendered":"http:\/\/gdue.pt\/pt\/?page_id=1987"},"modified":"2024-02-16T14:07:58","modified_gmt":"2024-02-16T14:07:58","slug":"missao","status":"publish","type":"page","link":"https:\/\/gdue.pt\/pt\/missao\/","title":{"rendered":"A NOSSA MISS\u00c3O"},"content":{"rendered":"\n<p>Desenvolvimento do desporto, cultura e educa\u00e7\u00e3o f\u00edsica e, ainda quando a sua a\u00e7\u00e3o o permitir, agindo individualmente ou colaborando com outras entidades particulares ou coletivas, contribuir para o progresso do desporto e engrandecimento do GDUE.<\/p>\n","protected":false},"excerpt":{"rendered":"<p>Desenvolvimento do desporto, cultura e educa\u00e7\u00e3o f\u00edsica e, ainda quando a sua a\u00e7\u00e3o o permitir, agindo individualmente ou colaborando com outras entidades particulares ou coletivas, contribuir para o progresso do desporto e engrandecimento do GDUE.<\/p>\n","protected":false},"author":1,"featured_media":0,"parent":0,"menu_order":0,"comment_status":"closed","ping_status":"closed","template":"template-full-width.php","meta":{"footnotes":""},"class_list":["post-1987","page","type-page","status-publish","hentry"],"aioseo_notices":[],"_links":{"self":[{"href":"https:\/\/gdue.pt\/pt\/wp-json\/wp\/v2\/pages\/1987","targetHints":{"allow":["GET"]}}],"collection":[{"href":"https:\/\/gdue.pt\/pt\/wp-json\/wp\/v2\/pages"}],"about":[{"href":"https:\/\/gdue.pt\/pt\/wp-json\/wp\/v2\/types\/page"}],"author":[{"embeddable":true,"href":"https:\/\/gdue.pt\/pt\/wp-json\/wp\/v2\/users\/1"}],"replies":[{"embeddable":true,"href":"https:\/\/gdue.pt\/pt\/wp-json\/wp\/v2\/comments?post=1987"}],"version-history":[{"count":2,"href":"https:\/\/gdue.pt\/pt\/wp-json\/wp\/v2\/pages\/1987\/revisions"}],"predecessor-version":[{"id":2163,"href":"https:\/\/gdue.pt\/pt\/wp-json\/wp\/v2\/pages\/1987\/revisions\/2163"}],"wp:attachment":[{"href":"https:\/\/gdue.pt\/pt\/wp-json\/wp\/v2\/media?parent=1987"}],"curies":[{"name":"wp","href":"https:\/\/api.w.org\/{rel}","templated":true}]}}