{"id":1983,"date":"2024-02-06T22:41:30","date_gmt":"2024-02-06T22:41:30","guid":{"rendered":"http:\/\/gdue.pt\/pt\/?page_id=1983"},"modified":"2024-02-06T22:42:30","modified_gmt":"2024-02-06T22:42:30","slug":"historia","status":"publish","type":"page","link":"https:\/\/gdue.pt\/pt\/historia\/","title":{"rendered":"HIST\u00d3RIA DO GDUE"},"content":{"rendered":"\n<ul class=\"wp-block-list\">\n<li>No dia 01 de dezembro de 1921, foi fundada na vila da Ericeira, uma Sociedade de Recreio que se denominou, Gr\u00e9mio Uni\u00e3o Ericeirense, com sede a Rua do Norte n\u00ba 29<\/li>\n<\/ul>\n\n\n\n<p><\/p>\n\n\n\n<ul class=\"wp-block-list\">\n<li>Em 1938, por press\u00e3o do ent\u00e3o vigente \u201cEstado Novo\u201d, foi requerida a altera\u00e7\u00e3o da denomina\u00e7\u00e3o de \u201cGr\u00e9mio\u201d para \u201cSociedade\u201d, passando assim a chamar-se SOCIEDADE UNI\u00c3O ERICEIRENSE.\u00a0 No ano seguinte, foi criada a 1\u00aa se\u00e7\u00e3o desportiva &#8211; SPORT UNI\u00c3O ERICEIRENSE.<\/li>\n<\/ul>\n\n\n\n<p><\/p>\n\n\n\n<ul class=\"wp-block-list\">\n<li>Em 1940 foi alugada uma fazenda junto \u00e0 estrada de Mafra, para a\u00ed se construir um campo de jogos, ao qual foi dado o nome de Henrique Tom\u00e1s Frade, nome do malogrado atleta do Ericeira Praia Clube, falecido na sequ\u00eancia de um acidente, quando regressava de um jogo de Voleibol em S. Pedro Estoril. O campo de jogos Henrique Tom\u00e1s Frade, atual sede do clube, foi inaugurado a 1 de setembro desse mesmo ano, com um jogo contra o Sporting Clube de Portugal<\/li>\n<\/ul>\n\n\n\n<p><\/p>\n\n\n\n<ul class=\"wp-block-list\">\n<li>Em 1956 efetiva-se a 1\u00aa Participa\u00e7\u00e3o em Campeonatos da AFL III DIVIS\u00c3O, com o nome de Sociedade Uni\u00e3o Ericeirense (SUE), prova de que viria a sagrar-se campe\u00e3o na \u00e1poca de 1957\/58.<\/li>\n<\/ul>\n\n\n\n<p><\/p>\n\n\n\n<ul class=\"wp-block-list\">\n<li>A 15 de Julho de 1960, foram aprovados e publicados no Di\u00e1rio do Governo, os novos estatutos da sec\u00e7\u00e3o desportiva, da SOCIEDADE UNI\u00c3O ERICEIRENSE e autorizada a altera\u00e7\u00e3o do nome para GRUPO DESPORTIVO UNI\u00c3O ERICEIRENSE, que permanece inalterado at\u00e9 aos nossos dias.<\/li>\n<\/ul>\n","protected":false},"excerpt":{"rendered":"No dia 01 de dezembro de 1921, foi fundada na vila da Ericeira, uma Sociedade de Recreio que se denominou, Gr\u00e9mio Uni\u00e3o Ericeirense, com sede a Rua do Norte n\u00ba 29 Em 1938, por press\u00e3o do ent\u00e3o vigente \u201cEstado Novo\u201d, foi requerida a altera\u00e7\u00e3o da denomina\u00e7\u00e3o de \u201cGr\u00e9mio\u201d para \u201cSociedade\u201d, passando assim a chamar-se SOCIEDADE...","protected":false},"author":1,"featured_media":0,"parent":0,"menu_order":0,"comment_status":"closed","ping_status":"closed","template":"template-full-width.php","meta":{"footnotes":""},"class_list":["post-1983","page","type-page","status-publish","hentry"],"aioseo_notices":[],"_links":{"self":[{"href":"https:\/\/gdue.pt\/pt\/wp-json\/wp\/v2\/pages\/1983","targetHints":{"allow":["GET"]}}],"collection":[{"href":"https:\/\/gdue.pt\/pt\/wp-json\/wp\/v2\/pages"}],"about":[{"href":"https:\/\/gdue.pt\/pt\/wp-json\/wp\/v2\/types\/page"}],"author":[{"embeddable":true,"href":"https:\/\/gdue.pt\/pt\/wp-json\/wp\/v2\/users\/1"}],"replies":[{"embeddable":true,"href":"https:\/\/gdue.pt\/pt\/wp-json\/wp\/v2\/comments?post=1983"}],"version-history":[{"count":2,"href":"https:\/\/gdue.pt\/pt\/wp-json\/wp\/v2\/pages\/1983\/revisions"}],"predecessor-version":[{"id":1985,"href":"https:\/\/gdue.pt\/pt\/wp-json\/wp\/v2\/pages\/1983\/revisions\/1985"}],"wp:attachment":[{"href":"https:\/\/gdue.pt\/pt\/wp-json\/wp\/v2\/media?parent=1983"}],"curies":[{"name":"wp","href":"https:\/\/api.w.org\/{rel}","templated":true}]}}