{"id":1633,"date":"2022-06-29T17:33:33","date_gmt":"2022-06-29T17:33:33","guid":{"rendered":"http:\/\/gdue.pt\/pt\/?page_id=1633"},"modified":"2024-02-06T17:15:14","modified_gmt":"2024-02-06T17:15:14","slug":"brevemente","status":"publish","type":"page","link":"https:\/\/gdue.pt\/pt\/brevemente\/","title":{"rendered":"Brevemente&#8230;"},"content":{"rendered":"\n<p>Estamos a tratar de colocar este conte\u00fado online o quanto antes. At\u00e9 j\u00e1!<\/p>\n","protected":false},"excerpt":{"rendered":"<p>Estamos a tratar de colocar este conte\u00fado online o quanto antes. At\u00e9 j\u00e1!<\/p>\n","protected":false},"author":1,"featured_media":0,"parent":0,"menu_order":0,"comment_status":"closed","ping_status":"closed","template":"template-full-width.php","meta":{"footnotes":""},"class_list":["post-1633","page","type-page","status-publish","hentry"],"aioseo_notices":[],"_links":{"self":[{"href":"https:\/\/gdue.pt\/pt\/wp-json\/wp\/v2\/pages\/1633","targetHints":{"allow":["GET"]}}],"collection":[{"href":"https:\/\/gdue.pt\/pt\/wp-json\/wp\/v2\/pages"}],"about":[{"href":"https:\/\/gdue.pt\/pt\/wp-json\/wp\/v2\/types\/page"}],"author":[{"embeddable":true,"href":"https:\/\/gdue.pt\/pt\/wp-json\/wp\/v2\/users\/1"}],"replies":[{"embeddable":true,"href":"https:\/\/gdue.pt\/pt\/wp-json\/wp\/v2\/comments?post=1633"}],"version-history":[{"count":1,"href":"https:\/\/gdue.pt\/pt\/wp-json\/wp\/v2\/pages\/1633\/revisions"}],"predecessor-version":[{"id":1635,"href":"https:\/\/gdue.pt\/pt\/wp-json\/wp\/v2\/pages\/1633\/revisions\/1635"}],"wp:attachment":[{"href":"https:\/\/gdue.pt\/pt\/wp-json\/wp\/v2\/media?parent=1633"}],"curies":[{"name":"wp","href":"https:\/\/api.w.org\/{rel}","templated":true}]}}